{"id":101,"date":"2023-04-07T15:22:42","date_gmt":"2023-04-07T13:22:42","guid":{"rendered":"https:\/\/asso-aspic.fr\/?page_id=101"},"modified":"2025-07-30T14:24:33","modified_gmt":"2025-07-30T12:24:33","slug":"refunds_returns","status":"publish","type":"page","link":"https:\/\/asso-aspic.fr\/en\/refunds_returns\/","title":{"rendered":"T&amp;Cs \u2013 Refunds and Returns Policy"},"content":{"rendered":"<h2 class=\"wp-block-heading\">Preview<\/h2>\n\n\n\n<p>Our refund and return policy lasts 30 days. If 30 days have passed since your purchase, we cannot offer you a full refund or exchange.<\/p>\n\n\n\n<p>To be eligible for a return, your item must be unused and in the same condition you received it. It must also be in the original packaging.<\/p>\n\n\n\n<p>Several types of merchandise are exempt from returns. Perishable goods such as food, flowers, newspapers or magazines cannot be returned. We also do not accept intimate or sanitary products, hazardous materials or flammable liquids or gases.<\/p>\n\n\n\n<p>Additional non-returnable items:<\/p>\n\n\n\n<p>Gift cards<\/p>\n\n\n\n<p>Downloadable software products<\/p>\n\n\n\n<p>Certain health and personal care items<\/p>\n\n\n\n<p>To complete your return, we require a receipt or proof of purchase.<\/p>\n\n\n\n<p>Please do not return your purchase to the manufacturer.<\/p>\n\n\n\n<p>There are certain situations where only partial refunds are granted:<\/p>\n\n\n\n<p>Book with obvious signs of use<\/p>\n\n\n\n<p>CD, DVD, VHS tape, software, video game, audio tape or vinyl record that has been opened.<\/p>\n\n\n\n<p>Any item that is not in its original condition, is damaged or has missing parts for reasons not attributable to our error.<\/p>\n\n\n\n<p>Any item returned more than 30 days after delivery<\/p>\n\n\n\n<p><h2>Refunds<\/h2><\/p>\n\n\n\n<p>Once your return is received and inspected, we will send you an email to notify you that we have received your returned item. We will also notify you if your refund is approved or rejected.<\/p>\n\n\n\n<p>If you&#039;re approved, your refund will be processed and a credit will automatically be applied to your credit card or original method of payment, within a certain number of days.<\/p>\n\n\n\n<p>Late or missing refunds<\/p>\n\n\n\n<p>If you haven&#039;t received a refund yet, first check your bank account again.<\/p>\n\n\n\n<p>Then contact your credit card company, it may take some time before your refund is officially posted.<\/p>\n\n\n\n<p>Then contact your bank. There is often some processing time before a refund is issued.<\/p>\n\n\n\n<p>If you have done all of this and still have not received your refund, please contact us <a href=\"\/en\/contact\/\">contact.<\/a><\/p>\n\n\n\n<p>Sale items<\/p>\n\n\n\n<p>Only regular priced items can be refunded. Sale items cannot be refunded.<\/p>\n\n\n\n<h2 class=\"wp-block-heading\">Trades<\/h2>\n\n\n\n<p>We only replace items if they are faulty or damaged. If you need to exchange it for the same item, send us a <a href=\"\/en\/contact\/\">E-mail<\/a> and send your item to 2 Rte d&#039;Ausson 31210 Ausson<\/p>\n\n\n\n<h2 class=\"wp-block-heading\">Gifts<\/h2>\n\n\n\n<p>If the item was marked as a gift when purchased and shipped directly to you, you will receive a gift credit for the value of your return. Once the returned item is received, a gift certificate will be mailed to you.<\/p>\n\n\n\n<p>If the item wasn&#039;t marked as a gift when purchased, or if the gift giver had the order shipped to themselves to give to you later, we&#039;ll send a refund to the gift giver and he will be informed of your return.<\/p>\n\n\n\n<h2 class=\"wp-block-heading\">Shipping Returns<\/h2>\n\n\n\n<p>To return your product, you must send it by mail to the following address: 2 Rte d&#039;Ausson 31210 Ausson<\/p>\n\n\n\n<p>You will be responsible for paying your own shipping costs to return your item. Shipping costs are not refundable. If you receive a refund, the cost of return shipping will be deducted from your refund.<\/p>\n\n\n\n<p>Depending on where you live, the time it will take for your exchanged product to reach you may vary.<\/p>\n\n\n\n<p>If you are returning more expensive items, you may consider using a trackable shipping service or purchasing shipping insurance. We do not guarantee that we will receive your returned item.<\/p>\n\n\n\n<h2 class=\"wp-block-heading\">Need help ? <\/h2>\n\n\n\n<p><a href=\"\/en\/contact\/\">Contact us<\/a> for any questions relating to refunds and returns.<\/p>","protected":false},"excerpt":{"rendered":"<p>Overview Our refund and return policy lasts 30 days. If 30 days have passed since your purchase, we can\u2019t offer you a full refund or exchange. To be eligible for a return, your item must be unused and in the same condition that you received it. It must also [\u2026]<\/p>","protected":false},"author":1,"featured_media":0,"parent":0,"menu_order":0,"comment_status":"closed","ping_status":"closed","template":"general.php","meta":{"_acf_changed":false,"footnotes":""},"class_list":["post-101","page","type-page","status-publish","hentry"],"acf":[],"yoast_head":"<!-- This site is optimized with the Yoast SEO plugin v27.4 - https:\/\/yoast.com\/product\/yoast-seo-wordpress\/ -->\n<title>CGV - Politique en mati\u00e8re de remboursements et de retours - ASPIC<\/title>\n<meta name=\"robots\" content=\"index, follow, max-snippet:-1, max-image-preview:large, max-video-preview:-1\" \/>\n<link rel=\"canonical\" href=\"https:\/\/asso-aspic.fr\/en\/refunds_returns\/\" \/>\n<meta property=\"og:locale\" content=\"en_GB\" \/>\n<meta property=\"og:type\" content=\"article\" \/>\n<meta property=\"og:title\" content=\"CGV - Politique en mati\u00e8re de remboursements et de retours - ASPIC\" \/>\n<meta property=\"og:description\" content=\"Aper\u00e7u Notre politique de remboursement et de retour dure 30 jours. Si 30 jours se sont \u00e9coul\u00e9s depuis votre achat, nous ne pouvons pas vous offrir un remboursement complet ou un \u00e9change. Pour \u00eatre \u00e9ligible \u00e0 un retour, votre article doit \u00eatre inutilis\u00e9 et dans le m\u00eame \u00e9tat que vous l&rsquo;avez re\u00e7u. Il doit \u00e9galement [&hellip;]\" \/>\n<meta property=\"og:url\" content=\"https:\/\/asso-aspic.fr\/en\/refunds_returns\/\" \/>\n<meta property=\"og:site_name\" content=\"ASPIC\" \/>\n<meta property=\"article:modified_time\" content=\"2025-07-30T12:24:33+00:00\" \/>\n<meta name=\"twitter:card\" content=\"summary_large_image\" \/>\n<meta name=\"twitter:label1\" content=\"Estimated reading time\" \/>\n\t<meta name=\"twitter:data1\" content=\"4 minutes\" \/>\n<script type=\"application\/ld+json\" class=\"yoast-schema-graph\">{\"@context\":\"https:\\\/\\\/schema.org\",\"@graph\":[{\"@type\":\"WebPage\",\"@id\":\"https:\\\/\\\/asso-aspic.fr\\\/remboursements_retours\\\/\",\"url\":\"https:\\\/\\\/asso-aspic.fr\\\/remboursements_retours\\\/\",\"name\":\"CGV - Politique en mati\u00e8re de remboursements et de retours - ASPIC\",\"isPartOf\":{\"@id\":\"https:\\\/\\\/asso-aspic.fr\\\/#website\"},\"datePublished\":\"2023-04-07T13:22:42+00:00\",\"dateModified\":\"2025-07-30T12:24:33+00:00\",\"breadcrumb\":{\"@id\":\"https:\\\/\\\/asso-aspic.fr\\\/remboursements_retours\\\/#breadcrumb\"},\"inLanguage\":\"en-GB\",\"potentialAction\":[{\"@type\":\"ReadAction\",\"target\":[\"https:\\\/\\\/asso-aspic.fr\\\/remboursements_retours\\\/\"]}]},{\"@type\":\"BreadcrumbList\",\"@id\":\"https:\\\/\\\/asso-aspic.fr\\\/remboursements_retours\\\/#breadcrumb\",\"itemListElement\":[{\"@type\":\"ListItem\",\"position\":1,\"name\":\"Accueil\",\"item\":\"https:\\\/\\\/asso-aspic.fr\\\/\"},{\"@type\":\"ListItem\",\"position\":2,\"name\":\"CGV &#8211; Politique en mati\u00e8re de remboursements et de retours\"}]},{\"@type\":\"WebSite\",\"@id\":\"https:\\\/\\\/asso-aspic.fr\\\/#website\",\"url\":\"https:\\\/\\\/asso-aspic.fr\\\/\",\"name\":\"ASPIC\",\"description\":\"\",\"potentialAction\":[{\"@type\":\"SearchAction\",\"target\":{\"@type\":\"EntryPoint\",\"urlTemplate\":\"https:\\\/\\\/asso-aspic.fr\\\/?s={search_term_string}\"},\"query-input\":{\"@type\":\"PropertyValueSpecification\",\"valueRequired\":true,\"valueName\":\"search_term_string\"}}],\"inLanguage\":\"en-GB\"}]}<\/script>\n<!-- \/ Yoast SEO plugin. -->","yoast_head_json":{"title":"General Terms and Conditions - Refunds and returns policy - ASPIC","robots":{"index":"index","follow":"follow","max-snippet":"max-snippet:-1","max-image-preview":"max-image-preview:large","max-video-preview":"max-video-preview:-1"},"canonical":"https:\/\/asso-aspic.fr\/en\/refunds_returns\/","og_locale":"en_GB","og_type":"article","og_title":"CGV - Politique en mati\u00e8re de remboursements et de retours - ASPIC","og_description":"Aper\u00e7u Notre politique de remboursement et de retour dure 30 jours. Si 30 jours se sont \u00e9coul\u00e9s depuis votre achat, nous ne pouvons pas vous offrir un remboursement complet ou un \u00e9change. Pour \u00eatre \u00e9ligible \u00e0 un retour, votre article doit \u00eatre inutilis\u00e9 et dans le m\u00eame \u00e9tat que vous l&rsquo;avez re\u00e7u. Il doit \u00e9galement [&hellip;]","og_url":"https:\/\/asso-aspic.fr\/en\/refunds_returns\/","og_site_name":"ASPIC","article_modified_time":"2025-07-30T12:24:33+00:00","twitter_card":"summary_large_image","twitter_misc":{"Estimated reading time":"4 minutes"},"schema":{"@context":"https:\/\/schema.org","@graph":[{"@type":"WebPage","@id":"https:\/\/asso-aspic.fr\/remboursements_retours\/","url":"https:\/\/asso-aspic.fr\/remboursements_retours\/","name":"General Terms and Conditions - Refunds and returns policy - ASPIC","isPartOf":{"@id":"https:\/\/asso-aspic.fr\/#website"},"datePublished":"2023-04-07T13:22:42+00:00","dateModified":"2025-07-30T12:24:33+00:00","breadcrumb":{"@id":"https:\/\/asso-aspic.fr\/remboursements_retours\/#breadcrumb"},"inLanguage":"en-GB","potentialAction":[{"@type":"ReadAction","target":["https:\/\/asso-aspic.fr\/remboursements_retours\/"]}]},{"@type":"BreadcrumbList","@id":"https:\/\/asso-aspic.fr\/remboursements_retours\/#breadcrumb","itemListElement":[{"@type":"ListItem","position":1,"name":"Accueil","item":"https:\/\/asso-aspic.fr\/"},{"@type":"ListItem","position":2,"name":"CGV &#8211; Politique en mati\u00e8re de remboursements et de retours"}]},{"@type":"WebSite","@id":"https:\/\/asso-aspic.fr\/#website","url":"https:\/\/asso-aspic.fr\/","name":"NEWT","description":"","potentialAction":[{"@type":"SearchAction","target":{"@type":"EntryPoint","urlTemplate":"https:\/\/asso-aspic.fr\/?s={search_term_string}"},"query-input":{"@type":"PropertyValueSpecification","valueRequired":true,"valueName":"search_term_string"}}],"inLanguage":"en-GB"}]}},"_links":{"self":[{"href":"https:\/\/asso-aspic.fr\/en\/wp-json\/wp\/v2\/pages\/101","targetHints":{"allow":["GET"]}}],"collection":[{"href":"https:\/\/asso-aspic.fr\/en\/wp-json\/wp\/v2\/pages"}],"about":[{"href":"https:\/\/asso-aspic.fr\/en\/wp-json\/wp\/v2\/types\/page"}],"author":[{"embeddable":true,"href":"https:\/\/asso-aspic.fr\/en\/wp-json\/wp\/v2\/users\/1"}],"replies":[{"embeddable":true,"href":"https:\/\/asso-aspic.fr\/en\/wp-json\/wp\/v2\/comments?post=101"}],"version-history":[{"count":4,"href":"https:\/\/asso-aspic.fr\/en\/wp-json\/wp\/v2\/pages\/101\/revisions"}],"predecessor-version":[{"id":2060,"href":"https:\/\/asso-aspic.fr\/en\/wp-json\/wp\/v2\/pages\/101\/revisions\/2060"}],"wp:attachment":[{"href":"https:\/\/asso-aspic.fr\/en\/wp-json\/wp\/v2\/media?parent=101"}],"curies":[{"name":"wp","href":"https:\/\/api.w.org\/{rel}","templated":true}]}}