{"id":30,"date":"2023-03-27T16:20:26","date_gmt":"2023-03-27T14:20:26","guid":{"rendered":"https:\/\/asso-aspic.fr\/?page_id=30"},"modified":"2025-03-01T14:39:01","modified_gmt":"2025-03-01T13:39:01","slug":"the-association","status":"publish","type":"page","link":"https:\/\/asso-aspic.fr\/en\/the-association\/","title":{"rendered":"The association"},"content":{"rendered":"<div class=\"wp-block-image\">\n<figure class=\"aligncenter size-large is-resized\"><img decoding=\"async\" width=\"805\" height=\"1024\" src=\"https:\/\/asso-aspic.fr\/wp-content\/uploads\/2023\/09\/phioto-herve-805x1024.webp\" alt=\"\" class=\"wp-image-865\" style=\"object-fit:cover;width:258px;height:277px\" srcset=\"https:\/\/asso-aspic.fr\/wp-content\/uploads\/2023\/09\/phioto-herve-805x1024.webp 805w, https:\/\/asso-aspic.fr\/wp-content\/uploads\/2023\/09\/phioto-herve-236x300.webp 236w, https:\/\/asso-aspic.fr\/wp-content\/uploads\/2023\/09\/phioto-herve-768x977.webp 768w, https:\/\/asso-aspic.fr\/wp-content\/uploads\/2023\/09\/phioto-herve-1207x1536.webp 1207w, https:\/\/asso-aspic.fr\/wp-content\/uploads\/2023\/09\/phioto-herve-1609x2048.webp 1609w, https:\/\/asso-aspic.fr\/wp-content\/uploads\/2023\/09\/phioto-herve-9x12.webp 9w, https:\/\/asso-aspic.fr\/wp-content\/uploads\/2023\/09\/phioto-herve-600x763.webp 600w, https:\/\/asso-aspic.fr\/wp-content\/uploads\/2023\/09\/phioto-herve-jpg.webp 1868w\" sizes=\"(max-width: 805px) 100vw, 805px\" \/><\/figure>\n<\/div>\n\n\n<h3 class=\"wp-block-heading has-text-align-center\">Mr Herv\u00e9 WIARD<br>President<\/h3>\n\n\n\n<div class=\"wp-block-columns alignwide is-layout-flex wp-container-core-columns-is-layout-9d6595d7 wp-block-columns-is-layout-flex\">\n<div class=\"wp-block-column is-layout-flow wp-block-column-is-layout-flow\">\n<figure class=\"wp-block-image size-large is-resized\"><img decoding=\"async\" width=\"951\" height=\"1024\" src=\"https:\/\/asso-aspic.fr\/wp-content\/uploads\/2023\/07\/lolo-retouche-951x1024.webp\" alt=\"\" class=\"wp-image-833\" style=\"width:258px;height:277px\" srcset=\"https:\/\/asso-aspic.fr\/wp-content\/uploads\/2023\/07\/lolo-retouche-951x1024.webp 951w, https:\/\/asso-aspic.fr\/wp-content\/uploads\/2023\/07\/lolo-retouche-279x300.webp 279w, https:\/\/asso-aspic.fr\/wp-content\/uploads\/2023\/07\/lolo-retouche-768x827.webp 768w, https:\/\/asso-aspic.fr\/wp-content\/uploads\/2023\/07\/lolo-retouche-1427x1536.webp 1427w, https:\/\/asso-aspic.fr\/wp-content\/uploads\/2023\/07\/lolo-retouche-11x12.webp 11w, https:\/\/asso-aspic.fr\/wp-content\/uploads\/2023\/07\/lolo-retouche-600x646.webp 600w, https:\/\/asso-aspic.fr\/wp-content\/uploads\/2023\/07\/lolo-retouche-jpg.webp 1868w\" sizes=\"(max-width: 951px) 100vw, 951px\" \/><\/figure>\n\n\n\n<h3 class=\"wp-block-heading has-text-align-left\">Mrs Laurence BARRERE<br>             Treasurer<br><\/h3>\n<\/div>\n\n\n\n<div class=\"wp-block-column is-vertically-aligned-top is-layout-flow wp-block-column-is-layout-flow\">\n<figure class=\"wp-block-image size-full is-resized\"><img decoding=\"async\" width=\"320\" height=\"320\" src=\"https:\/\/asso-aspic.fr\/wp-content\/uploads\/2024\/01\/pierre-jpg.webp\" alt=\"\" class=\"wp-image-1389\" style=\"object-fit:cover;width:258px;height:277px\" srcset=\"https:\/\/asso-aspic.fr\/wp-content\/uploads\/2024\/01\/pierre-jpg.webp 320w, https:\/\/asso-aspic.fr\/wp-content\/uploads\/2024\/01\/pierre-300x300.webp 300w, https:\/\/asso-aspic.fr\/wp-content\/uploads\/2024\/01\/pierre-150x150.webp 150w, https:\/\/asso-aspic.fr\/wp-content\/uploads\/2024\/01\/pierre-12x12.webp 12w, https:\/\/asso-aspic.fr\/wp-content\/uploads\/2024\/01\/pierre-100x100.webp 100w\" sizes=\"(max-width: 320px) 100vw, 320px\" \/><\/figure>\n\n\n\n<h3 class=\"wp-block-heading has-text-align-left\">       Mr Pierre OUSSET<br>             Secretary<br><\/h3>\n<\/div>\n\n\n\n<div class=\"wp-block-column is-layout-flow wp-block-column-is-layout-flow\">\n<figure class=\"wp-block-image size-full is-resized\"><img decoding=\"async\" width=\"577\" height=\"622\" src=\"https:\/\/asso-aspic.fr\/wp-content\/uploads\/2023\/06\/grither-Cyril.png\" alt=\"\" class=\"wp-image-780\" style=\"object-fit:cover;width:258px;height:277px\" srcset=\"https:\/\/asso-aspic.fr\/wp-content\/uploads\/2023\/06\/grither-Cyril.png 577w, https:\/\/asso-aspic.fr\/wp-content\/uploads\/2023\/06\/grither-Cyril-278x300.png 278w\" sizes=\"(max-width: 577px) 100vw, 577px\" \/><\/figure>\n\n\n\n<h3 class=\"wp-block-heading\">         Mr Cyril GRITHER<br>IT and communication<\/h3>\n\n\n\n<figure class=\"wp-block-image size-full is-resized\"><img decoding=\"async\" width=\"410\" height=\"468\" src=\"https:\/\/asso-aspic.fr\/wp-content\/uploads\/2025\/03\/duez-1.jpg\" alt=\"\" class=\"wp-image-2008\" style=\"aspect-ratio:0.9314079422382672;object-fit:cover;width:258px;height:auto\" srcset=\"https:\/\/asso-aspic.fr\/wp-content\/uploads\/2025\/03\/duez-1.jpg 410w, https:\/\/asso-aspic.fr\/wp-content\/uploads\/2025\/03\/duez-1-263x300.jpg 263w, https:\/\/asso-aspic.fr\/wp-content\/uploads\/2025\/03\/duez-1-11x12.jpg 11w\" sizes=\"(max-width: 410px) 100vw, 410px\" \/><\/figure>\n\n\n\n<div class=\"wp-block-group is-vertical is-layout-flex wp-container-core-group-is-layout-8cf370e7 wp-block-group-is-layout-flex\">\n<div class=\"wp-block-group is-vertical is-layout-flex wp-container-core-group-is-layout-8cf370e7 wp-block-group-is-layout-flex\">\n<h3 class=\"wp-block-heading has-text-align-center\">        Mr Bernard DUEZ<\/h3>\n\n\n\n<h3 class=\"wp-block-heading has-text-align-center\">        <strong>Normandy region<\/strong><\/h3>\n<\/div>\n<\/div>\n<\/div>\n<\/div>\n\n\n\n<div style=\"height:100px\" aria-hidden=\"true\" class=\"wp-block-spacer\"><\/div>\n\n\n\n<div class=\"wp-block-columns is-layout-flex wp-container-core-columns-is-layout-9d6595d7 wp-block-columns-is-layout-flex\">\n<div class=\"wp-block-column is-layout-flow wp-block-column-is-layout-flow\"><\/div>\n<\/div>","protected":false},"excerpt":{"rendered":"<p>Mr Herv\u00e9 WIARDPresident Mrs Laurence BARRERE Treasurer Mr Pierre OUSSET Secretary Mr Cyril GRITHERITS and communication Mr Bernard DUEZ Normandy Region<\/p>","protected":false},"author":1,"featured_media":0,"parent":0,"menu_order":0,"comment_status":"closed","ping_status":"closed","template":"model-association.php","meta":{"_acf_changed":false,"footnotes":""},"class_list":["post-30","page","type-page","status-publish","hentry"],"acf":[],"yoast_head":"<!-- This site is optimized with the Yoast SEO plugin v26.8 - https:\/\/yoast.com\/product\/yoast-seo-wordpress\/ -->\n<title>L&#039;association - ASPIC<\/title>\n<meta name=\"robots\" content=\"index, follow, max-snippet:-1, max-image-preview:large, max-video-preview:-1\" \/>\n<link rel=\"canonical\" href=\"https:\/\/asso-aspic.fr\/en\/the-association\/\" \/>\n<meta property=\"og:locale\" content=\"en_GB\" \/>\n<meta property=\"og:type\" content=\"article\" \/>\n<meta property=\"og:title\" content=\"L&#039;association - ASPIC\" \/>\n<meta property=\"og:description\" content=\"Mr Herv\u00e9 WIARDPr\u00e9sident Mme Laurence BARRERE Tr\u00e9sori\u00e8re Mr Pierre OUSSET Secr\u00e9taire Mr Cyril GRITHERInformatique et communication Mr Bernard DUEZ R\u00e9gion Normandie\" \/>\n<meta property=\"og:url\" content=\"https:\/\/asso-aspic.fr\/en\/the-association\/\" \/>\n<meta property=\"og:site_name\" content=\"ASPIC\" \/>\n<meta property=\"article:modified_time\" content=\"2025-03-01T13:39:01+00:00\" \/>\n<meta property=\"og:image\" content=\"https:\/\/asso-aspic.fr\/wp-content\/uploads\/2023\/09\/phioto-herve-jpg.webp\" \/>\n\t<meta property=\"og:image:width\" content=\"1868\" \/>\n\t<meta property=\"og:image:height\" content=\"2377\" \/>\n\t<meta property=\"og:image:type\" content=\"image\/jpeg\" \/>\n<meta name=\"twitter:card\" content=\"summary_large_image\" \/>\n<meta name=\"twitter:label1\" content=\"Estimated reading time\" \/>\n\t<meta name=\"twitter:data1\" content=\"2 minutes\" \/>\n<script type=\"application\/ld+json\" class=\"yoast-schema-graph\">{\"@context\":\"https:\/\/schema.org\",\"@graph\":[{\"@type\":\"WebPage\",\"@id\":\"https:\/\/asso-aspic.fr\/lassociation\/\",\"url\":\"https:\/\/asso-aspic.fr\/lassociation\/\",\"name\":\"L'association - ASPIC\",\"isPartOf\":{\"@id\":\"https:\/\/asso-aspic.fr\/#website\"},\"primaryImageOfPage\":{\"@id\":\"https:\/\/asso-aspic.fr\/lassociation\/#primaryimage\"},\"image\":{\"@id\":\"https:\/\/asso-aspic.fr\/lassociation\/#primaryimage\"},\"thumbnailUrl\":\"https:\/\/asso-aspic.fr\/wp-content\/uploads\/2023\/09\/phioto-herve-805x1024.webp\",\"datePublished\":\"2023-03-27T14:20:26+00:00\",\"dateModified\":\"2025-03-01T13:39:01+00:00\",\"breadcrumb\":{\"@id\":\"https:\/\/asso-aspic.fr\/lassociation\/#breadcrumb\"},\"inLanguage\":\"en-GB\",\"potentialAction\":[{\"@type\":\"ReadAction\",\"target\":[\"https:\/\/asso-aspic.fr\/lassociation\/\"]}]},{\"@type\":\"ImageObject\",\"inLanguage\":\"en-GB\",\"@id\":\"https:\/\/asso-aspic.fr\/lassociation\/#primaryimage\",\"url\":\"https:\/\/asso-aspic.fr\/wp-content\/uploads\/2023\/09\/phioto-herve-805x1024.webp\",\"contentUrl\":\"https:\/\/asso-aspic.fr\/wp-content\/uploads\/2023\/09\/phioto-herve-805x1024.webp\"},{\"@type\":\"BreadcrumbList\",\"@id\":\"https:\/\/asso-aspic.fr\/lassociation\/#breadcrumb\",\"itemListElement\":[{\"@type\":\"ListItem\",\"position\":1,\"name\":\"Accueil\",\"item\":\"https:\/\/asso-aspic.fr\/\"},{\"@type\":\"ListItem\",\"position\":2,\"name\":\"L&rsquo;association\"}]},{\"@type\":\"WebSite\",\"@id\":\"https:\/\/asso-aspic.fr\/#website\",\"url\":\"https:\/\/asso-aspic.fr\/\",\"name\":\"ASPIC\",\"description\":\"\",\"potentialAction\":[{\"@type\":\"SearchAction\",\"target\":{\"@type\":\"EntryPoint\",\"urlTemplate\":\"https:\/\/asso-aspic.fr\/?s={search_term_string}\"},\"query-input\":{\"@type\":\"PropertyValueSpecification\",\"valueRequired\":true,\"valueName\":\"search_term_string\"}}],\"inLanguage\":\"en-GB\"}]}<\/script>\n<!-- \/ Yoast SEO plugin. -->","yoast_head_json":{"title":"The association - ASPIC","robots":{"index":"index","follow":"follow","max-snippet":"max-snippet:-1","max-image-preview":"max-image-preview:large","max-video-preview":"max-video-preview:-1"},"canonical":"https:\/\/asso-aspic.fr\/en\/the-association\/","og_locale":"en_GB","og_type":"article","og_title":"L'association - ASPIC","og_description":"Mr Herv\u00e9 WIARDPr\u00e9sident Mme Laurence BARRERE Tr\u00e9sori\u00e8re Mr Pierre OUSSET Secr\u00e9taire Mr Cyril GRITHERInformatique et communication Mr Bernard DUEZ R\u00e9gion Normandie","og_url":"https:\/\/asso-aspic.fr\/en\/the-association\/","og_site_name":"ASPIC","article_modified_time":"2025-03-01T13:39:01+00:00","og_image":[{"width":1868,"height":2377,"url":"https:\/\/asso-aspic.fr\/wp-content\/uploads\/2023\/09\/phioto-herve-jpg.webp","type":"image\/jpeg"}],"twitter_card":"summary_large_image","twitter_misc":{"Estimated reading time":"2 minutes"},"schema":{"@context":"https:\/\/schema.org","@graph":[{"@type":"WebPage","@id":"https:\/\/asso-aspic.fr\/lassociation\/","url":"https:\/\/asso-aspic.fr\/lassociation\/","name":"The association - ASPIC","isPartOf":{"@id":"https:\/\/asso-aspic.fr\/#website"},"primaryImageOfPage":{"@id":"https:\/\/asso-aspic.fr\/lassociation\/#primaryimage"},"image":{"@id":"https:\/\/asso-aspic.fr\/lassociation\/#primaryimage"},"thumbnailUrl":"https:\/\/asso-aspic.fr\/wp-content\/uploads\/2023\/09\/phioto-herve-805x1024.webp","datePublished":"2023-03-27T14:20:26+00:00","dateModified":"2025-03-01T13:39:01+00:00","breadcrumb":{"@id":"https:\/\/asso-aspic.fr\/lassociation\/#breadcrumb"},"inLanguage":"en-GB","potentialAction":[{"@type":"ReadAction","target":["https:\/\/asso-aspic.fr\/lassociation\/"]}]},{"@type":"ImageObject","inLanguage":"en-GB","@id":"https:\/\/asso-aspic.fr\/lassociation\/#primaryimage","url":"https:\/\/asso-aspic.fr\/wp-content\/uploads\/2023\/09\/phioto-herve-805x1024.webp","contentUrl":"https:\/\/asso-aspic.fr\/wp-content\/uploads\/2023\/09\/phioto-herve-805x1024.webp"},{"@type":"BreadcrumbList","@id":"https:\/\/asso-aspic.fr\/lassociation\/#breadcrumb","itemListElement":[{"@type":"ListItem","position":1,"name":"Accueil","item":"https:\/\/asso-aspic.fr\/"},{"@type":"ListItem","position":2,"name":"L&rsquo;association"}]},{"@type":"WebSite","@id":"https:\/\/asso-aspic.fr\/#website","url":"https:\/\/asso-aspic.fr\/","name":"NEWT","description":"","potentialAction":[{"@type":"SearchAction","target":{"@type":"EntryPoint","urlTemplate":"https:\/\/asso-aspic.fr\/?s={search_term_string}"},"query-input":{"@type":"PropertyValueSpecification","valueRequired":true,"valueName":"search_term_string"}}],"inLanguage":"en-GB"}]}},"_links":{"self":[{"href":"https:\/\/asso-aspic.fr\/en\/wp-json\/wp\/v2\/pages\/30","targetHints":{"allow":["GET"]}}],"collection":[{"href":"https:\/\/asso-aspic.fr\/en\/wp-json\/wp\/v2\/pages"}],"about":[{"href":"https:\/\/asso-aspic.fr\/en\/wp-json\/wp\/v2\/types\/page"}],"author":[{"embeddable":true,"href":"https:\/\/asso-aspic.fr\/en\/wp-json\/wp\/v2\/users\/1"}],"replies":[{"embeddable":true,"href":"https:\/\/asso-aspic.fr\/en\/wp-json\/wp\/v2\/comments?post=30"}],"version-history":[{"count":65,"href":"https:\/\/asso-aspic.fr\/en\/wp-json\/wp\/v2\/pages\/30\/revisions"}],"predecessor-version":[{"id":2024,"href":"https:\/\/asso-aspic.fr\/en\/wp-json\/wp\/v2\/pages\/30\/revisions\/2024"}],"wp:attachment":[{"href":"https:\/\/asso-aspic.fr\/en\/wp-json\/wp\/v2\/media?parent=30"}],"curies":[{"name":"wp","href":"https:\/\/api.w.org\/{rel}","templated":true}]}}