{"id":335,"date":"2023-04-07T10:50:19","date_gmt":"2023-04-07T08:50:19","guid":{"rendered":"https:\/\/asso-aspic.fr\/?page_id=335"},"modified":"2024-08-14T19:28:02","modified_gmt":"2024-08-14T17:28:02","slug":"make-a-donation","status":"publish","type":"page","link":"https:\/\/asso-aspic.fr\/en\/make-a-donation\/","title":{"rendered":"Make a donation"},"content":{"rendered":"<h2 class=\"wp-block-heading\">Wire Transfer<\/h2>\n\n\n\n<p>If you wish to make a donation or pay by bank transfer, please contact us by email or telephone to provide you with the association&#039;s bank details.<\/p>\n\n\n\n<p><\/p>\n\n\n\n<h2 class=\"wp-block-heading\">By cheque<\/h2>\n\n\n\n<p>NEWT<\/p>\n\n\n\n<p>8 bis route de Plaisance<\/p>\n\n\n\n<p>31270 Frouzins<\/p>\n\n\n\n<p><\/p>\n\n\n\n<p><\/p>\n\n\n\n<h2 class=\"wp-block-heading\">Payment of membership fees by credit card<\/h2>\n\n\n\n<p>You can pay your membership fees directly by credit card by following <a href=\"https:\/\/buy.stripe.com\/9AQfZa1pe5Hs5dC9AB\">this link.<\/a><\/p>\n\n\n\n<div class=\"wp-block-buttons is-content-justification-center is-layout-flex wp-container-core-buttons-is-layout-16018d1d wp-block-buttons-is-layout-flex\"><\/div>","protected":false},"excerpt":{"rendered":"<p>By bank transfer If you wish to make a donation or pay by bank transfer, please contact us by email or telephone in order to send you the association&#039;s bank details. By check ASPIC 8 bis route de Plaisance 31270 Frouzins Payment of membership fees by bank card You can pay your fees directly [\u2026]<\/p>","protected":false},"author":1,"featured_media":0,"parent":0,"menu_order":0,"comment_status":"closed","ping_status":"closed","template":"general.php","meta":{"_acf_changed":false,"footnotes":""},"class_list":["post-335","page","type-page","status-publish","hentry"],"acf":[],"yoast_head":"<!-- This site is optimized with the Yoast SEO plugin v26.8 - https:\/\/yoast.com\/product\/yoast-seo-wordpress\/ -->\n<title>Faire un don - ASPIC<\/title>\n<meta name=\"robots\" content=\"index, follow, max-snippet:-1, max-image-preview:large, max-video-preview:-1\" \/>\n<link rel=\"canonical\" href=\"https:\/\/asso-aspic.fr\/en\/make-a-donation\/\" \/>\n<meta property=\"og:locale\" content=\"en_GB\" \/>\n<meta property=\"og:type\" content=\"article\" \/>\n<meta property=\"og:title\" content=\"Faire un don - ASPIC\" \/>\n<meta property=\"og:description\" content=\"Par virement bancaire Si vous souhaitez faire un don ou payer par virement, merci de bien vouloir nous contacter par mail ou par t\u00e9l\u00e9phone afin de vous transmettre le RIB de l&rsquo;association. Par ch\u00e8que ASPIC 8 bis route de Plaisance 31270 Frouzins R\u00e8glement des frais d&rsquo;adh\u00e9sion par carte bancaire Vous pouvez r\u00e9gler directement vos frais [&hellip;]\" \/>\n<meta property=\"og:url\" content=\"https:\/\/asso-aspic.fr\/en\/make-a-donation\/\" \/>\n<meta property=\"og:site_name\" content=\"ASPIC\" \/>\n<meta property=\"article:modified_time\" content=\"2024-08-14T17:28:02+00:00\" \/>\n<meta name=\"twitter:card\" content=\"summary_large_image\" \/>\n<meta name=\"twitter:label1\" content=\"Estimated reading time\" \/>\n\t<meta name=\"twitter:data1\" content=\"1 minute\" \/>\n<script type=\"application\/ld+json\" class=\"yoast-schema-graph\">{\"@context\":\"https:\/\/schema.org\",\"@graph\":[{\"@type\":\"WebPage\",\"@id\":\"https:\/\/asso-aspic.fr\/faire-un-don\/\",\"url\":\"https:\/\/asso-aspic.fr\/faire-un-don\/\",\"name\":\"Faire un don - ASPIC\",\"isPartOf\":{\"@id\":\"https:\/\/asso-aspic.fr\/#website\"},\"datePublished\":\"2023-04-07T08:50:19+00:00\",\"dateModified\":\"2024-08-14T17:28:02+00:00\",\"breadcrumb\":{\"@id\":\"https:\/\/asso-aspic.fr\/faire-un-don\/#breadcrumb\"},\"inLanguage\":\"en-GB\",\"potentialAction\":[{\"@type\":\"ReadAction\",\"target\":[\"https:\/\/asso-aspic.fr\/faire-un-don\/\"]}]},{\"@type\":\"BreadcrumbList\",\"@id\":\"https:\/\/asso-aspic.fr\/faire-un-don\/#breadcrumb\",\"itemListElement\":[{\"@type\":\"ListItem\",\"position\":1,\"name\":\"Accueil\",\"item\":\"https:\/\/asso-aspic.fr\/\"},{\"@type\":\"ListItem\",\"position\":2,\"name\":\"Faire un don\"}]},{\"@type\":\"WebSite\",\"@id\":\"https:\/\/asso-aspic.fr\/#website\",\"url\":\"https:\/\/asso-aspic.fr\/\",\"name\":\"ASPIC\",\"description\":\"\",\"potentialAction\":[{\"@type\":\"SearchAction\",\"target\":{\"@type\":\"EntryPoint\",\"urlTemplate\":\"https:\/\/asso-aspic.fr\/?s={search_term_string}\"},\"query-input\":{\"@type\":\"PropertyValueSpecification\",\"valueRequired\":true,\"valueName\":\"search_term_string\"}}],\"inLanguage\":\"en-GB\"}]}<\/script>\n<!-- \/ Yoast SEO plugin. -->","yoast_head_json":{"title":"Make a donation - ASPIC","robots":{"index":"index","follow":"follow","max-snippet":"max-snippet:-1","max-image-preview":"max-image-preview:large","max-video-preview":"max-video-preview:-1"},"canonical":"https:\/\/asso-aspic.fr\/en\/make-a-donation\/","og_locale":"en_GB","og_type":"article","og_title":"Faire un don - ASPIC","og_description":"Par virement bancaire Si vous souhaitez faire un don ou payer par virement, merci de bien vouloir nous contacter par mail ou par t\u00e9l\u00e9phone afin de vous transmettre le RIB de l&rsquo;association. Par ch\u00e8que ASPIC 8 bis route de Plaisance 31270 Frouzins R\u00e8glement des frais d&rsquo;adh\u00e9sion par carte bancaire Vous pouvez r\u00e9gler directement vos frais [&hellip;]","og_url":"https:\/\/asso-aspic.fr\/en\/make-a-donation\/","og_site_name":"ASPIC","article_modified_time":"2024-08-14T17:28:02+00:00","twitter_card":"summary_large_image","twitter_misc":{"Estimated reading time":"1 minute"},"schema":{"@context":"https:\/\/schema.org","@graph":[{"@type":"WebPage","@id":"https:\/\/asso-aspic.fr\/faire-un-don\/","url":"https:\/\/asso-aspic.fr\/faire-un-don\/","name":"Make a donation - ASPIC","isPartOf":{"@id":"https:\/\/asso-aspic.fr\/#website"},"datePublished":"2023-04-07T08:50:19+00:00","dateModified":"2024-08-14T17:28:02+00:00","breadcrumb":{"@id":"https:\/\/asso-aspic.fr\/faire-un-don\/#breadcrumb"},"inLanguage":"en-GB","potentialAction":[{"@type":"ReadAction","target":["https:\/\/asso-aspic.fr\/faire-un-don\/"]}]},{"@type":"BreadcrumbList","@id":"https:\/\/asso-aspic.fr\/faire-un-don\/#breadcrumb","itemListElement":[{"@type":"ListItem","position":1,"name":"Accueil","item":"https:\/\/asso-aspic.fr\/"},{"@type":"ListItem","position":2,"name":"Faire un don"}]},{"@type":"WebSite","@id":"https:\/\/asso-aspic.fr\/#website","url":"https:\/\/asso-aspic.fr\/","name":"NEWT","description":"","potentialAction":[{"@type":"SearchAction","target":{"@type":"EntryPoint","urlTemplate":"https:\/\/asso-aspic.fr\/?s={search_term_string}"},"query-input":{"@type":"PropertyValueSpecification","valueRequired":true,"valueName":"search_term_string"}}],"inLanguage":"en-GB"}]}},"_links":{"self":[{"href":"https:\/\/asso-aspic.fr\/en\/wp-json\/wp\/v2\/pages\/335","targetHints":{"allow":["GET"]}}],"collection":[{"href":"https:\/\/asso-aspic.fr\/en\/wp-json\/wp\/v2\/pages"}],"about":[{"href":"https:\/\/asso-aspic.fr\/en\/wp-json\/wp\/v2\/types\/page"}],"author":[{"embeddable":true,"href":"https:\/\/asso-aspic.fr\/en\/wp-json\/wp\/v2\/users\/1"}],"replies":[{"embeddable":true,"href":"https:\/\/asso-aspic.fr\/en\/wp-json\/wp\/v2\/comments?post=335"}],"version-history":[{"count":13,"href":"https:\/\/asso-aspic.fr\/en\/wp-json\/wp\/v2\/pages\/335\/revisions"}],"predecessor-version":[{"id":1885,"href":"https:\/\/asso-aspic.fr\/en\/wp-json\/wp\/v2\/pages\/335\/revisions\/1885"}],"wp:attachment":[{"href":"https:\/\/asso-aspic.fr\/en\/wp-json\/wp\/v2\/media?parent=335"}],"curies":[{"name":"wp","href":"https:\/\/api.w.org\/{rel}","templated":true}]}}