{"id":101,"date":"2023-04-07T15:22:42","date_gmt":"2023-04-07T13:22:42","guid":{"rendered":"https:\/\/asso-aspic.fr\/?page_id=101"},"modified":"2025-07-30T14:24:33","modified_gmt":"2025-07-30T12:24:33","slug":"reembolsos_devoluciones","status":"publish","type":"page","link":"https:\/\/asso-aspic.fr\/es\/reembolsos_devoluciones\/","title":{"rendered":"T\u00e9rminos y Condiciones Generales \u2013 Pol\u00edtica de reembolsos y devoluciones"},"content":{"rendered":"<h2 class=\"wp-block-heading\">Avance<\/h2>\n\n\n\n<p>Nuestra pol\u00edtica de reembolsos y devoluciones tiene una duraci\u00f3n de 30 d\u00edas. Si han pasado 30 d\u00edas desde su compra, no podemos ofrecerle un reembolso o cambio completo.<\/p>\n\n\n\n<p>Para ser elegible para una devoluci\u00f3n, su art\u00edculo debe estar sin usar y en las mismas condiciones en que lo recibi\u00f3. Tambi\u00e9n debe estar en el embalaje original.<\/p>\n\n\n\n<p>Varios tipos de mercanc\u00edas est\u00e1n exentas de devoluci\u00f3n. No se pueden devolver productos perecederos como alimentos, flores, peri\u00f3dicos o revistas. Tampoco aceptamos productos \u00edntimos o sanitarios, materiales peligrosos o l\u00edquidos o gases inflamables.<\/p>\n\n\n\n<p>Art\u00edculos adicionales no retornables:<\/p>\n\n\n\n<p>Tarjetas de regalo<\/p>\n\n\n\n<p>Productos de software descargables<\/p>\n\n\n\n<p>Ciertos art\u00edculos de salud y cuidado personal.<\/p>\n\n\n\n<p>Para completar su devoluci\u00f3n, necesitamos un recibo o comprobante de compra.<\/p>\n\n\n\n<p>Por favor, no devuelva su compra al fabricante.<\/p>\n\n\n\n<p>Hay determinadas situaciones en las que s\u00f3lo se conceden reembolsos parciales:<\/p>\n\n\n\n<p>Libro con signos evidentes de uso.<\/p>\n\n\n\n<p>CD, DVD, cinta VHS, software, videojuego, casete de audio o disco de vinilo que haya sido abierto.<\/p>\n\n\n\n<p>Cualquier art\u00edculo que no se encuentre en su estado original, est\u00e9 da\u00f1ado o le falten piezas por causas no imputables a nuestro error.<\/p>\n\n\n\n<p>Cualquier art\u00edculo devuelto m\u00e1s de 30 d\u00edas despu\u00e9s de la entrega.<\/p>\n\n\n\n<p><h2>Reembolsos<\/h2><\/p>\n\n\n\n<p>Una vez recibida e inspeccionada su devoluci\u00f3n, le enviaremos un correo electr\u00f3nico para notificarle que hemos recibido su art\u00edculo devuelto. Tambi\u00e9n le notificaremos si su reembolso es aprobado o rechazado.<\/p>\n\n\n\n<p>Si es aprobado, se procesar\u00e1 su reembolso y se aplicar\u00e1 autom\u00e1ticamente un cr\u00e9dito a su tarjeta de cr\u00e9dito o m\u00e9todo de pago original, dentro de una cierta cantidad de d\u00edas.<\/p>\n\n\n\n<p>Reembolsos tard\u00edos o faltantes<\/p>\n\n\n\n<p>Si a\u00fan no ha recibido un reembolso, primero verifique nuevamente su cuenta bancaria.<\/p>\n\n\n\n<p>A continuaci\u00f3n, comun\u00edquese con la compa\u00f1\u00eda de su tarjeta de cr\u00e9dito; puede pasar alg\u00fan tiempo antes de que su reembolso se publique oficialmente.<\/p>\n\n\n\n<p>Entonces contacta con tu banco. A menudo hay alg\u00fan tiempo de procesamiento antes de que se emita un reembolso.<\/p>\n\n\n\n<p>Si ha hecho todo esto y a\u00fan no ha recibido su reembolso, cont\u00e1ctenos <a href=\"\/es\/contactar\/\">Contactar con.<\/a><\/p>\n\n\n\n<p>Art\u00edculos a la venta<\/p>\n\n\n\n<p>S\u00f3lo se pueden reembolsar los art\u00edculos con precio regular. Los art\u00edculos en oferta no se pueden reembolsar.<\/p>\n\n\n\n<h2 class=\"wp-block-heading\">Vientos alisios<\/h2>\n\n\n\n<p>Solo reemplazamos art\u00edculos si est\u00e1n defectuosos o da\u00f1ados. Si necesitas cambiarlo por el mismo art\u00edculo, env\u00edanos un <a href=\"\/es\/contactar\/\">Correo electr\u00f3nico<\/a> y env\u00ede su art\u00edculo a 2 Rte d&#039;Ausson 31210 Ausson<\/p>\n\n\n\n<h2 class=\"wp-block-heading\">Regalos<\/h2>\n\n\n\n<p>Si el art\u00edculo fue marcado como regalo cuando lo compr\u00f3 y lo envi\u00f3 directamente a usted, recibir\u00e1 un cr\u00e9dito de regalo por el valor de su devoluci\u00f3n. Una vez recibido el art\u00edculo devuelto, se le enviar\u00e1 por correo un certificado de regalo.<\/p>\n\n\n\n<p>Si el art\u00edculo no estaba marcado como regalo cuando se compr\u00f3, o si el obsequio recibi\u00f3 el pedido para entreg\u00e1rselo m\u00e1s tarde, le enviaremos un reembolso al obsequio y se le informar\u00e1 de su devoluci\u00f3n.<\/p>\n\n\n\n<h2 class=\"wp-block-heading\">Env\u00edo y devoluciones<\/h2>\n\n\n\n<p>Para devolver su producto, debe enviarlo por correo a la siguiente direcci\u00f3n: 2 Rte d&#039;Ausson 31210 Ausson<\/p>\n\n\n\n<p>Usted ser\u00e1 responsable de pagar sus propios costos de env\u00edo para devolver su art\u00edculo. Los gastos de env\u00edo no son reembolsables. Si recibe un reembolso, el costo del env\u00edo de devoluci\u00f3n se deducir\u00e1 de su reembolso.<\/p>\n\n\n\n<p>Dependiendo de d\u00f3nde viva, el tiempo que tardar\u00e1 en llegar el producto intercambiado puede variar.<\/p>\n\n\n\n<p>Si devuelve art\u00edculos m\u00e1s caros, puede considerar utilizar un servicio de env\u00edo rastreable o comprar un seguro de env\u00edo. No garantizamos que recibiremos su art\u00edculo devuelto.<\/p>\n\n\n\n<h2 class=\"wp-block-heading\">Necesidad de ayuda ? <\/h2>\n\n\n\n<p><a href=\"\/es\/contactar\/\">Cont\u00e1ctenos<\/a> para cualquier duda sobre reembolsos y devoluciones.<\/p>","protected":false},"excerpt":{"rendered":"<p>Descripci\u00f3n general Nuestra pol\u00edtica de reembolsos y devoluciones tiene una duraci\u00f3n de 30 d\u00edas. Si han pasado 30 d\u00edas desde su compra, no podemos ofrecerle un reembolso o cambio completo. Para ser elegible para una devoluci\u00f3n, su art\u00edculo debe estar sin usar y en las mismas condiciones en que lo recibi\u00f3. Tambi\u00e9n debe [\u2026]<\/p>","protected":false},"author":1,"featured_media":0,"parent":0,"menu_order":0,"comment_status":"closed","ping_status":"closed","template":"general.php","meta":{"_acf_changed":false,"footnotes":""},"class_list":["post-101","page","type-page","status-publish","hentry"],"acf":[],"yoast_head":"<!-- This site is optimized with the Yoast SEO plugin v27.4 - https:\/\/yoast.com\/product\/yoast-seo-wordpress\/ -->\n<title>CGV - Politique en mati\u00e8re de remboursements et de retours - ASPIC<\/title>\n<meta name=\"robots\" content=\"index, follow, max-snippet:-1, max-image-preview:large, max-video-preview:-1\" \/>\n<link rel=\"canonical\" href=\"https:\/\/asso-aspic.fr\/es\/reembolsos_devoluciones\/\" \/>\n<meta property=\"og:locale\" content=\"es_ES\" \/>\n<meta property=\"og:type\" content=\"article\" \/>\n<meta property=\"og:title\" content=\"CGV - Politique en mati\u00e8re de remboursements et de retours - ASPIC\" \/>\n<meta property=\"og:description\" content=\"Aper\u00e7u Notre politique de remboursement et de retour dure 30 jours. Si 30 jours se sont \u00e9coul\u00e9s depuis votre achat, nous ne pouvons pas vous offrir un remboursement complet ou un \u00e9change. Pour \u00eatre \u00e9ligible \u00e0 un retour, votre article doit \u00eatre inutilis\u00e9 et dans le m\u00eame \u00e9tat que vous l&rsquo;avez re\u00e7u. Il doit \u00e9galement [&hellip;]\" \/>\n<meta property=\"og:url\" content=\"https:\/\/asso-aspic.fr\/es\/reembolsos_devoluciones\/\" \/>\n<meta property=\"og:site_name\" content=\"ASPIC\" \/>\n<meta property=\"article:modified_time\" content=\"2025-07-30T12:24:33+00:00\" \/>\n<meta name=\"twitter:card\" content=\"summary_large_image\" \/>\n<meta name=\"twitter:label1\" content=\"Tiempo de lectura\" \/>\n\t<meta name=\"twitter:data1\" content=\"4 minutos\" \/>\n<script type=\"application\/ld+json\" class=\"yoast-schema-graph\">{\"@context\":\"https:\\\/\\\/schema.org\",\"@graph\":[{\"@type\":\"WebPage\",\"@id\":\"https:\\\/\\\/asso-aspic.fr\\\/remboursements_retours\\\/\",\"url\":\"https:\\\/\\\/asso-aspic.fr\\\/remboursements_retours\\\/\",\"name\":\"CGV - Politique en mati\u00e8re de remboursements et de retours - ASPIC\",\"isPartOf\":{\"@id\":\"https:\\\/\\\/asso-aspic.fr\\\/#website\"},\"datePublished\":\"2023-04-07T13:22:42+00:00\",\"dateModified\":\"2025-07-30T12:24:33+00:00\",\"breadcrumb\":{\"@id\":\"https:\\\/\\\/asso-aspic.fr\\\/remboursements_retours\\\/#breadcrumb\"},\"inLanguage\":\"es\",\"potentialAction\":[{\"@type\":\"ReadAction\",\"target\":[\"https:\\\/\\\/asso-aspic.fr\\\/remboursements_retours\\\/\"]}]},{\"@type\":\"BreadcrumbList\",\"@id\":\"https:\\\/\\\/asso-aspic.fr\\\/remboursements_retours\\\/#breadcrumb\",\"itemListElement\":[{\"@type\":\"ListItem\",\"position\":1,\"name\":\"Accueil\",\"item\":\"https:\\\/\\\/asso-aspic.fr\\\/\"},{\"@type\":\"ListItem\",\"position\":2,\"name\":\"CGV &#8211; Politique en mati\u00e8re de remboursements et de retours\"}]},{\"@type\":\"WebSite\",\"@id\":\"https:\\\/\\\/asso-aspic.fr\\\/#website\",\"url\":\"https:\\\/\\\/asso-aspic.fr\\\/\",\"name\":\"ASPIC\",\"description\":\"\",\"potentialAction\":[{\"@type\":\"SearchAction\",\"target\":{\"@type\":\"EntryPoint\",\"urlTemplate\":\"https:\\\/\\\/asso-aspic.fr\\\/?s={search_term_string}\"},\"query-input\":{\"@type\":\"PropertyValueSpecification\",\"valueRequired\":true,\"valueName\":\"search_term_string\"}}],\"inLanguage\":\"es\"}]}<\/script>\n<!-- \/ Yoast SEO plugin. -->","yoast_head_json":{"title":"T\u00e9rminos y Condiciones Generales - Pol\u00edtica de reembolsos y devoluciones - ASPIC","robots":{"index":"index","follow":"follow","max-snippet":"max-snippet:-1","max-image-preview":"max-image-preview:large","max-video-preview":"max-video-preview:-1"},"canonical":"https:\/\/asso-aspic.fr\/es\/reembolsos_devoluciones\/","og_locale":"es_ES","og_type":"article","og_title":"CGV - Politique en mati\u00e8re de remboursements et de retours - ASPIC","og_description":"Aper\u00e7u Notre politique de remboursement et de retour dure 30 jours. Si 30 jours se sont \u00e9coul\u00e9s depuis votre achat, nous ne pouvons pas vous offrir un remboursement complet ou un \u00e9change. Pour \u00eatre \u00e9ligible \u00e0 un retour, votre article doit \u00eatre inutilis\u00e9 et dans le m\u00eame \u00e9tat que vous l&rsquo;avez re\u00e7u. Il doit \u00e9galement [&hellip;]","og_url":"https:\/\/asso-aspic.fr\/es\/reembolsos_devoluciones\/","og_site_name":"ASPIC","article_modified_time":"2025-07-30T12:24:33+00:00","twitter_card":"summary_large_image","twitter_misc":{"Tiempo de lectura":"4 minutos"},"schema":{"@context":"https:\/\/schema.org","@graph":[{"@type":"WebPage","@id":"https:\/\/asso-aspic.fr\/remboursements_retours\/","url":"https:\/\/asso-aspic.fr\/remboursements_retours\/","name":"T\u00e9rminos y Condiciones Generales - Pol\u00edtica de reembolsos y devoluciones - ASPIC","isPartOf":{"@id":"https:\/\/asso-aspic.fr\/#website"},"datePublished":"2023-04-07T13:22:42+00:00","dateModified":"2025-07-30T12:24:33+00:00","breadcrumb":{"@id":"https:\/\/asso-aspic.fr\/remboursements_retours\/#breadcrumb"},"inLanguage":"es","potentialAction":[{"@type":"ReadAction","target":["https:\/\/asso-aspic.fr\/remboursements_retours\/"]}]},{"@type":"BreadcrumbList","@id":"https:\/\/asso-aspic.fr\/remboursements_retours\/#breadcrumb","itemListElement":[{"@type":"ListItem","position":1,"name":"Accueil","item":"https:\/\/asso-aspic.fr\/"},{"@type":"ListItem","position":2,"name":"CGV &#8211; Politique en mati\u00e8re de remboursements et de retours"}]},{"@type":"WebSite","@id":"https:\/\/asso-aspic.fr\/#website","url":"https:\/\/asso-aspic.fr\/","name":"TRIT\u00d3N","description":"","potentialAction":[{"@type":"SearchAction","target":{"@type":"EntryPoint","urlTemplate":"https:\/\/asso-aspic.fr\/?s={search_term_string}"},"query-input":{"@type":"PropertyValueSpecification","valueRequired":true,"valueName":"search_term_string"}}],"inLanguage":"es"}]}},"_links":{"self":[{"href":"https:\/\/asso-aspic.fr\/es\/wp-json\/wp\/v2\/pages\/101","targetHints":{"allow":["GET"]}}],"collection":[{"href":"https:\/\/asso-aspic.fr\/es\/wp-json\/wp\/v2\/pages"}],"about":[{"href":"https:\/\/asso-aspic.fr\/es\/wp-json\/wp\/v2\/types\/page"}],"author":[{"embeddable":true,"href":"https:\/\/asso-aspic.fr\/es\/wp-json\/wp\/v2\/users\/1"}],"replies":[{"embeddable":true,"href":"https:\/\/asso-aspic.fr\/es\/wp-json\/wp\/v2\/comments?post=101"}],"version-history":[{"count":4,"href":"https:\/\/asso-aspic.fr\/es\/wp-json\/wp\/v2\/pages\/101\/revisions"}],"predecessor-version":[{"id":2060,"href":"https:\/\/asso-aspic.fr\/es\/wp-json\/wp\/v2\/pages\/101\/revisions\/2060"}],"wp:attachment":[{"href":"https:\/\/asso-aspic.fr\/es\/wp-json\/wp\/v2\/media?parent=101"}],"curies":[{"name":"wp","href":"https:\/\/api.w.org\/{rel}","templated":true}]}}