{"id":335,"date":"2023-04-07T10:50:19","date_gmt":"2023-04-07T08:50:19","guid":{"rendered":"https:\/\/asso-aspic.fr\/?page_id=335"},"modified":"2026-04-21T15:54:43","modified_gmt":"2026-04-21T13:54:43","slug":"hacer-una-donacion","status":"publish","type":"page","link":"https:\/\/asso-aspic.fr\/es\/hacer-una-donacion\/","title":{"rendered":"Hacer una donaci\u00f3n"},"content":{"rendered":"<h2 class=\"wp-block-heading\">Transferencia bancaria<\/h2>\n\n\n\n<p>Si deseas hacer una donaci\u00f3n o pagar mediante transferencia, ponte en contacto con nosotros por email o por tel\u00e9fono para enviarte el RIB de la asociaci\u00f3n.<\/p>\n\n\n\n<p><\/p>\n\n\n\n<h2 class=\"wp-block-heading\">Por cheque<\/h2>\n\n\n\n<p>TRIT\u00d3N<\/p>\n\n\n\n<p>2 rue d&#039;Ausson<br>31210 Ausson<\/p>\n\n\n\n<p><\/p>\n\n\n\n<p><\/p>\n\n\n\n<p><\/p>\n\n\n\n<h2 class=\"wp-block-heading\">Pago de cuotas de membres\u00eda con tarjeta de cr\u00e9dito<\/h2>\n\n\n\n<p>Puede pagar sus cuotas de membres\u00eda directamente con tarjeta de cr\u00e9dito siguiendo <a href=\"https:\/\/buy.stripe.com\/9AQfZa1pe5Hs5dC9AB\">este enlace.<\/a><\/p>\n\n\n\n<div class=\"wp-block-buttons is-content-justification-center is-layout-flex wp-container-core-buttons-is-layout-16018d1d wp-block-buttons-is-layout-flex\"><\/div>","protected":false},"excerpt":{"rendered":"<p>Transferencia bancaria: Si desea realizar una donaci\u00f3n o pagar mediante transferencia bancaria, p\u00f3ngase en contacto con nosotros por correo electr\u00f3nico o tel\u00e9fono para que podamos facilitarle los datos bancarios de la asociaci\u00f3n. Cheque: ASPIC, 2 rue d&#039;Ausson, 31210 Ausson. Pago de la cuota de socio con tarjeta de cr\u00e9dito: Puede pagar su cuota de socio directamente con tarjeta de cr\u00e9dito [\u2026]<\/p>","protected":false},"author":1,"featured_media":0,"parent":0,"menu_order":0,"comment_status":"closed","ping_status":"closed","template":"general.php","meta":{"_acf_changed":false,"footnotes":""},"class_list":["post-335","page","type-page","status-publish","hentry"],"acf":[],"yoast_head":"<!-- This site is optimized with the Yoast SEO plugin v27.4 - https:\/\/yoast.com\/product\/yoast-seo-wordpress\/ -->\n<title>Faire un don - ASPIC<\/title>\n<meta name=\"robots\" content=\"index, follow, max-snippet:-1, max-image-preview:large, max-video-preview:-1\" \/>\n<link rel=\"canonical\" href=\"https:\/\/asso-aspic.fr\/es\/hacer-una-donacion\/\" \/>\n<meta property=\"og:locale\" content=\"es_ES\" \/>\n<meta property=\"og:type\" content=\"article\" \/>\n<meta property=\"og:title\" content=\"Faire un don - ASPIC\" \/>\n<meta property=\"og:description\" content=\"Par virement bancaire Si vous souhaitez faire un don ou payer par virement, merci de bien vouloir nous contacter par mail ou par t\u00e9l\u00e9phone afin de vous transmettre le RIB de l&rsquo;association. Par ch\u00e8que ASPIC 2 rue d&rsquo;Ausson31210 Ausson R\u00e8glement des frais d&rsquo;adh\u00e9sion par carte bancaire Vous pouvez r\u00e9gler directement vos frais d&rsquo;adh\u00e9sion par carte [&hellip;]\" \/>\n<meta property=\"og:url\" content=\"https:\/\/asso-aspic.fr\/es\/hacer-una-donacion\/\" \/>\n<meta property=\"og:site_name\" content=\"ASPIC\" \/>\n<meta property=\"article:modified_time\" content=\"2026-04-21T13:54:43+00:00\" \/>\n<meta name=\"twitter:card\" content=\"summary_large_image\" \/>\n<meta name=\"twitter:label1\" content=\"Tiempo de lectura\" \/>\n\t<meta name=\"twitter:data1\" content=\"1 minuto\" \/>\n<script type=\"application\/ld+json\" class=\"yoast-schema-graph\">{\"@context\":\"https:\\\/\\\/schema.org\",\"@graph\":[{\"@type\":\"WebPage\",\"@id\":\"https:\\\/\\\/asso-aspic.fr\\\/faire-un-don\\\/\",\"url\":\"https:\\\/\\\/asso-aspic.fr\\\/faire-un-don\\\/\",\"name\":\"Faire un don - ASPIC\",\"isPartOf\":{\"@id\":\"https:\\\/\\\/asso-aspic.fr\\\/#website\"},\"datePublished\":\"2023-04-07T08:50:19+00:00\",\"dateModified\":\"2026-04-21T13:54:43+00:00\",\"breadcrumb\":{\"@id\":\"https:\\\/\\\/asso-aspic.fr\\\/faire-un-don\\\/#breadcrumb\"},\"inLanguage\":\"es\",\"potentialAction\":[{\"@type\":\"ReadAction\",\"target\":[\"https:\\\/\\\/asso-aspic.fr\\\/faire-un-don\\\/\"]}]},{\"@type\":\"BreadcrumbList\",\"@id\":\"https:\\\/\\\/asso-aspic.fr\\\/faire-un-don\\\/#breadcrumb\",\"itemListElement\":[{\"@type\":\"ListItem\",\"position\":1,\"name\":\"Accueil\",\"item\":\"https:\\\/\\\/asso-aspic.fr\\\/\"},{\"@type\":\"ListItem\",\"position\":2,\"name\":\"Faire un don\"}]},{\"@type\":\"WebSite\",\"@id\":\"https:\\\/\\\/asso-aspic.fr\\\/#website\",\"url\":\"https:\\\/\\\/asso-aspic.fr\\\/\",\"name\":\"ASPIC\",\"description\":\"\",\"potentialAction\":[{\"@type\":\"SearchAction\",\"target\":{\"@type\":\"EntryPoint\",\"urlTemplate\":\"https:\\\/\\\/asso-aspic.fr\\\/?s={search_term_string}\"},\"query-input\":{\"@type\":\"PropertyValueSpecification\",\"valueRequired\":true,\"valueName\":\"search_term_string\"}}],\"inLanguage\":\"es\"}]}<\/script>\n<!-- \/ Yoast SEO plugin. -->","yoast_head_json":{"title":"Haz una donaci\u00f3n - ASPIC","robots":{"index":"index","follow":"follow","max-snippet":"max-snippet:-1","max-image-preview":"max-image-preview:large","max-video-preview":"max-video-preview:-1"},"canonical":"https:\/\/asso-aspic.fr\/es\/hacer-una-donacion\/","og_locale":"es_ES","og_type":"article","og_title":"Faire un don - ASPIC","og_description":"Par virement bancaire Si vous souhaitez faire un don ou payer par virement, merci de bien vouloir nous contacter par mail ou par t\u00e9l\u00e9phone afin de vous transmettre le RIB de l&rsquo;association. Par ch\u00e8que ASPIC 2 rue d&rsquo;Ausson31210 Ausson R\u00e8glement des frais d&rsquo;adh\u00e9sion par carte bancaire Vous pouvez r\u00e9gler directement vos frais d&rsquo;adh\u00e9sion par carte [&hellip;]","og_url":"https:\/\/asso-aspic.fr\/es\/hacer-una-donacion\/","og_site_name":"ASPIC","article_modified_time":"2026-04-21T13:54:43+00:00","twitter_card":"summary_large_image","twitter_misc":{"Tiempo de lectura":"1 minuto"},"schema":{"@context":"https:\/\/schema.org","@graph":[{"@type":"WebPage","@id":"https:\/\/asso-aspic.fr\/faire-un-don\/","url":"https:\/\/asso-aspic.fr\/faire-un-don\/","name":"Haz una donaci\u00f3n - ASPIC","isPartOf":{"@id":"https:\/\/asso-aspic.fr\/#website"},"datePublished":"2023-04-07T08:50:19+00:00","dateModified":"2026-04-21T13:54:43+00:00","breadcrumb":{"@id":"https:\/\/asso-aspic.fr\/faire-un-don\/#breadcrumb"},"inLanguage":"es","potentialAction":[{"@type":"ReadAction","target":["https:\/\/asso-aspic.fr\/faire-un-don\/"]}]},{"@type":"BreadcrumbList","@id":"https:\/\/asso-aspic.fr\/faire-un-don\/#breadcrumb","itemListElement":[{"@type":"ListItem","position":1,"name":"Accueil","item":"https:\/\/asso-aspic.fr\/"},{"@type":"ListItem","position":2,"name":"Faire un don"}]},{"@type":"WebSite","@id":"https:\/\/asso-aspic.fr\/#website","url":"https:\/\/asso-aspic.fr\/","name":"TRIT\u00d3N","description":"","potentialAction":[{"@type":"SearchAction","target":{"@type":"EntryPoint","urlTemplate":"https:\/\/asso-aspic.fr\/?s={search_term_string}"},"query-input":{"@type":"PropertyValueSpecification","valueRequired":true,"valueName":"search_term_string"}}],"inLanguage":"es"}]}},"_links":{"self":[{"href":"https:\/\/asso-aspic.fr\/es\/wp-json\/wp\/v2\/pages\/335","targetHints":{"allow":["GET"]}}],"collection":[{"href":"https:\/\/asso-aspic.fr\/es\/wp-json\/wp\/v2\/pages"}],"about":[{"href":"https:\/\/asso-aspic.fr\/es\/wp-json\/wp\/v2\/types\/page"}],"author":[{"embeddable":true,"href":"https:\/\/asso-aspic.fr\/es\/wp-json\/wp\/v2\/users\/1"}],"replies":[{"embeddable":true,"href":"https:\/\/asso-aspic.fr\/es\/wp-json\/wp\/v2\/comments?post=335"}],"version-history":[{"count":13,"href":"https:\/\/asso-aspic.fr\/es\/wp-json\/wp\/v2\/pages\/335\/revisions"}],"predecessor-version":[{"id":2178,"href":"https:\/\/asso-aspic.fr\/es\/wp-json\/wp\/v2\/pages\/335\/revisions\/2178"}],"wp:attachment":[{"href":"https:\/\/asso-aspic.fr\/es\/wp-json\/wp\/v2\/media?parent=335"}],"curies":[{"name":"wp","href":"https:\/\/api.w.org\/{rel}","templated":true}]}}