{"id":39,"date":"2023-03-27T16:21:23","date_gmt":"2023-03-27T14:21:23","guid":{"rendered":"https:\/\/asso-aspic.fr\/?page_id=39"},"modified":"2023-04-07T15:00:14","modified_gmt":"2023-04-07T13:00:14","slug":"dietetico","status":"publish","type":"page","link":"https:\/\/asso-aspic.fr\/es\/dietetico\/","title":{"rendered":"Diet\u00e9tico"},"content":{"rendered":"<p>Descubre nuestros consejos diet\u00e9ticos.<\/p>","protected":false},"excerpt":{"rendered":"<p>Descubre nuestros consejos diet\u00e9ticos.<\/p>","protected":false},"author":1,"featured_media":0,"parent":0,"menu_order":0,"comment_status":"closed","ping_status":"closed","template":"model-dietetique.php","meta":{"_acf_changed":false,"footnotes":""},"class_list":["post-39","page","type-page","status-publish","hentry"],"acf":[],"yoast_head":"<!-- This site is optimized with the Yoast SEO plugin v27.4 - https:\/\/yoast.com\/product\/yoast-seo-wordpress\/ -->\n<title>Di\u00e9t\u00e9tique - ASPIC<\/title>\n<meta name=\"robots\" content=\"index, follow, max-snippet:-1, max-image-preview:large, max-video-preview:-1\" \/>\n<link rel=\"canonical\" href=\"https:\/\/asso-aspic.fr\/es\/dietetico\/\" \/>\n<meta property=\"og:locale\" content=\"es_ES\" \/>\n<meta property=\"og:type\" content=\"article\" \/>\n<meta property=\"og:title\" content=\"Di\u00e9t\u00e9tique - ASPIC\" \/>\n<meta property=\"og:description\" content=\"D\u00e9couvrez nos conseils di\u00e9t\u00e9tique.\" \/>\n<meta property=\"og:url\" content=\"https:\/\/asso-aspic.fr\/es\/dietetico\/\" \/>\n<meta property=\"og:site_name\" content=\"ASPIC\" \/>\n<meta property=\"article:modified_time\" content=\"2023-04-07T13:00:14+00:00\" \/>\n<meta name=\"twitter:card\" content=\"summary_large_image\" \/>\n<script type=\"application\/ld+json\" class=\"yoast-schema-graph\">{\"@context\":\"https:\\\/\\\/schema.org\",\"@graph\":[{\"@type\":\"WebPage\",\"@id\":\"https:\\\/\\\/asso-aspic.fr\\\/dietetique\\\/\",\"url\":\"https:\\\/\\\/asso-aspic.fr\\\/dietetique\\\/\",\"name\":\"Di\u00e9t\u00e9tique - ASPIC\",\"isPartOf\":{\"@id\":\"https:\\\/\\\/asso-aspic.fr\\\/#website\"},\"datePublished\":\"2023-03-27T14:21:23+00:00\",\"dateModified\":\"2023-04-07T13:00:14+00:00\",\"breadcrumb\":{\"@id\":\"https:\\\/\\\/asso-aspic.fr\\\/dietetique\\\/#breadcrumb\"},\"inLanguage\":\"es\",\"potentialAction\":[{\"@type\":\"ReadAction\",\"target\":[\"https:\\\/\\\/asso-aspic.fr\\\/dietetique\\\/\"]}]},{\"@type\":\"BreadcrumbList\",\"@id\":\"https:\\\/\\\/asso-aspic.fr\\\/dietetique\\\/#breadcrumb\",\"itemListElement\":[{\"@type\":\"ListItem\",\"position\":1,\"name\":\"Accueil\",\"item\":\"https:\\\/\\\/asso-aspic.fr\\\/\"},{\"@type\":\"ListItem\",\"position\":2,\"name\":\"Di\u00e9t\u00e9tique\"}]},{\"@type\":\"WebSite\",\"@id\":\"https:\\\/\\\/asso-aspic.fr\\\/#website\",\"url\":\"https:\\\/\\\/asso-aspic.fr\\\/\",\"name\":\"ASPIC\",\"description\":\"\",\"potentialAction\":[{\"@type\":\"SearchAction\",\"target\":{\"@type\":\"EntryPoint\",\"urlTemplate\":\"https:\\\/\\\/asso-aspic.fr\\\/?s={search_term_string}\"},\"query-input\":{\"@type\":\"PropertyValueSpecification\",\"valueRequired\":true,\"valueName\":\"search_term_string\"}}],\"inLanguage\":\"es\"}]}<\/script>\n<!-- \/ Yoast SEO plugin. -->","yoast_head_json":{"title":"Diet\u00e9tica - ASPIC","robots":{"index":"index","follow":"follow","max-snippet":"max-snippet:-1","max-image-preview":"max-image-preview:large","max-video-preview":"max-video-preview:-1"},"canonical":"https:\/\/asso-aspic.fr\/es\/dietetico\/","og_locale":"es_ES","og_type":"article","og_title":"Di\u00e9t\u00e9tique - ASPIC","og_description":"D\u00e9couvrez nos conseils di\u00e9t\u00e9tique.","og_url":"https:\/\/asso-aspic.fr\/es\/dietetico\/","og_site_name":"ASPIC","article_modified_time":"2023-04-07T13:00:14+00:00","twitter_card":"summary_large_image","schema":{"@context":"https:\/\/schema.org","@graph":[{"@type":"WebPage","@id":"https:\/\/asso-aspic.fr\/dietetique\/","url":"https:\/\/asso-aspic.fr\/dietetique\/","name":"Diet\u00e9tica - ASPIC","isPartOf":{"@id":"https:\/\/asso-aspic.fr\/#website"},"datePublished":"2023-03-27T14:21:23+00:00","dateModified":"2023-04-07T13:00:14+00:00","breadcrumb":{"@id":"https:\/\/asso-aspic.fr\/dietetique\/#breadcrumb"},"inLanguage":"es","potentialAction":[{"@type":"ReadAction","target":["https:\/\/asso-aspic.fr\/dietetique\/"]}]},{"@type":"BreadcrumbList","@id":"https:\/\/asso-aspic.fr\/dietetique\/#breadcrumb","itemListElement":[{"@type":"ListItem","position":1,"name":"Accueil","item":"https:\/\/asso-aspic.fr\/"},{"@type":"ListItem","position":2,"name":"Di\u00e9t\u00e9tique"}]},{"@type":"WebSite","@id":"https:\/\/asso-aspic.fr\/#website","url":"https:\/\/asso-aspic.fr\/","name":"TRIT\u00d3N","description":"","potentialAction":[{"@type":"SearchAction","target":{"@type":"EntryPoint","urlTemplate":"https:\/\/asso-aspic.fr\/?s={search_term_string}"},"query-input":{"@type":"PropertyValueSpecification","valueRequired":true,"valueName":"search_term_string"}}],"inLanguage":"es"}]}},"_links":{"self":[{"href":"https:\/\/asso-aspic.fr\/es\/wp-json\/wp\/v2\/pages\/39","targetHints":{"allow":["GET"]}}],"collection":[{"href":"https:\/\/asso-aspic.fr\/es\/wp-json\/wp\/v2\/pages"}],"about":[{"href":"https:\/\/asso-aspic.fr\/es\/wp-json\/wp\/v2\/types\/page"}],"author":[{"embeddable":true,"href":"https:\/\/asso-aspic.fr\/es\/wp-json\/wp\/v2\/users\/1"}],"replies":[{"embeddable":true,"href":"https:\/\/asso-aspic.fr\/es\/wp-json\/wp\/v2\/comments?post=39"}],"version-history":[{"count":2,"href":"https:\/\/asso-aspic.fr\/es\/wp-json\/wp\/v2\/pages\/39\/revisions"}],"predecessor-version":[{"id":201,"href":"https:\/\/asso-aspic.fr\/es\/wp-json\/wp\/v2\/pages\/39\/revisions\/201"}],"wp:attachment":[{"href":"https:\/\/asso-aspic.fr\/es\/wp-json\/wp\/v2\/media?parent=39"}],"curies":[{"name":"wp","href":"https:\/\/api.w.org\/{rel}","templated":true}]}}